{"id":34034,"date":"2026-02-21T10:07:56","date_gmt":"2026-02-21T09:07:56","guid":{"rendered":"https:\/\/ecstatic-hertz.82-223-64-3.plesk.page\/?page_id=34034"},"modified":"2026-02-21T10:14:51","modified_gmt":"2026-02-21T09:14:51","slug":"conferencias-ferias","status":"publish","type":"page","link":"https:\/\/ecstatic-hertz.82-223-64-3.plesk.page\/?page_id=34034","title":{"rendered":"Conferencias Ferias"},"content":{"rendered":"\n<p><\/p>\n\n\n\n<h2 class=\"wp-block-heading\">\u00bfQui\u00e9n deber\u00eda asistir?<\/h2>\n\n\n\n<p><br>La conferencia est\u00e1 dirigida a desarrolladores, gestores de proyectos y estrategas de producto de empresas que ofrecen soluciones de defensa o suministran componentes o subsistemas para dichas soluciones. Tambi\u00e9n est\u00e1 dirigida a representantes de las fuerzas armadas, agencias gubernamentales e instituciones de investigaci\u00f3n involucradas en tecnolog\u00edas actuales y futuras en el sector de defensa.<\/p>\n\n\n\n<p><\/p>\n\n\n\n<p><\/p>\n","protected":false},"excerpt":{"rendered":"<p>\u00bfQui\u00e9n deber\u00eda asistir? La conferencia est\u00e1 dirigida a desarrolladores, gestores de proyectos y estrategas de producto de empresas que ofrecen soluciones de defensa o suministran componentes o subsistemas para dichas soluciones. Tambi\u00e9n est\u00e1 dirigida a representantes de las fuerzas armadas, agencias gubernamentales e instituciones de investigaci\u00f3n involucradas en tecnolog\u00edas actuales y futuras en el sector [&hellip;]<\/p>\n","protected":false},"author":1,"featured_media":0,"parent":0,"menu_order":0,"comment_status":"closed","ping_status":"closed","template":"","meta":{"give_campaign_id":0,"footnotes":""},"class_list":["post-34034","page","type-page","status-publish","hentry"],"campaignId":"","_links":{"self":[{"href":"https:\/\/ecstatic-hertz.82-223-64-3.plesk.page\/index.php?rest_route=\/wp\/v2\/pages\/34034","targetHints":{"allow":["GET"]}}],"collection":[{"href":"https:\/\/ecstatic-hertz.82-223-64-3.plesk.page\/index.php?rest_route=\/wp\/v2\/pages"}],"about":[{"href":"https:\/\/ecstatic-hertz.82-223-64-3.plesk.page\/index.php?rest_route=\/wp\/v2\/types\/page"}],"author":[{"embeddable":true,"href":"https:\/\/ecstatic-hertz.82-223-64-3.plesk.page\/index.php?rest_route=\/wp\/v2\/users\/1"}],"replies":[{"embeddable":true,"href":"https:\/\/ecstatic-hertz.82-223-64-3.plesk.page\/index.php?rest_route=%2Fwp%2Fv2%2Fcomments&post=34034"}],"version-history":[{"count":3,"href":"https:\/\/ecstatic-hertz.82-223-64-3.plesk.page\/index.php?rest_route=\/wp\/v2\/pages\/34034\/revisions"}],"predecessor-version":[{"id":34038,"href":"https:\/\/ecstatic-hertz.82-223-64-3.plesk.page\/index.php?rest_route=\/wp\/v2\/pages\/34034\/revisions\/34038"}],"wp:attachment":[{"href":"https:\/\/ecstatic-hertz.82-223-64-3.plesk.page\/index.php?rest_route=%2Fwp%2Fv2%2Fmedia&parent=34034"}],"curies":[{"name":"wp","href":"https:\/\/api.w.org\/{rel}","templated":true}]}}